{"id":372,"date":"2020-05-24T11:55:20","date_gmt":"2020-05-24T09:55:20","guid":{"rendered":"http:\/\/www.sv-elsenz.de\/?page_id=372"},"modified":"2024-10-10T10:10:57","modified_gmt":"2024-10-10T08:10:57","slug":"impressum","status":"publish","type":"page","link":"https:\/\/www.sv-elsenz.de\/?page_id=372","title":{"rendered":"Impressum"},"content":{"rendered":"<p>Sch\u00fctzenverein 1923 Elsenz e.V.<br \/>\n75031 Eppingen<\/p>\n<hr \/>\n<p><strong>Vertreten durch:<\/strong><br \/>\nObersch\u00fctzenmeister Klaus Benz (1. Vorstand)<br \/>\nAltenburger Weg 2<br \/>\n75031 Eppingen<br \/>\nTelefon 07260 1545<br \/>\nE-Mail: kl-benz@t-online.de<\/p>\n<p>Sch\u00fctzenmeister Mevin Jenz (2. Vorstand)<br \/>\nEichelberger Weg 2<br \/>\n75031 Eppingen<br \/>\nTelefon: 0157 76015535<br \/>\nE- Mail: mevinjenz@googlemail.com<\/p>\n<hr \/>\n<p><strong>Registergericht:<\/strong><br \/>\nAmtsgericht Heilbronn, VR- Nr.881<\/p>\n<hr \/>\n<p><strong>Verantwortlicher gem\u00e4\u00df \u00a75 TMG<\/strong><br \/>\nKlaus Benz<br \/>\nAltenburger Weg 2<br \/>\n75031 Eppingen<br \/>\nTelefon: 07260 1545<\/p>\n<p>&nbsp;<\/p>\n<p>&nbsp;<\/p>\n<p>&nbsp;<\/p>\n","protected":false},"excerpt":{"rendered":"<p>Sch\u00fctzenverein 1923 Elsenz e.V. 75031 Eppingen Vertreten durch: Obersch\u00fctzenmeister Klaus Benz (1. Vorstand) Altenburger Weg 2 75031 Eppingen Telefon 07260 1545 E-Mail: kl-benz@t-online.de Sch\u00fctzenmeister Mevin Jenz (2. Vorstand) Eichelberger Weg 2 75031 Eppingen Telefon: 0157 76015535 E- Mail: mevinjenz@googlemail.com Registergericht: Amtsgericht Heilbronn, VR- Nr.881 Verantwortlicher gem\u00e4\u00df \u00a75 TMG Klaus Benz Altenburger Weg 2 75031 Eppingen [&hellip;]<\/p>\n","protected":false},"author":1,"featured_media":0,"parent":0,"menu_order":0,"comment_status":"closed","ping_status":"closed","template":"","meta":{"footnotes":""},"_links":{"self":[{"href":"https:\/\/www.sv-elsenz.de\/index.php?rest_route=\/wp\/v2\/pages\/372"}],"collection":[{"href":"https:\/\/www.sv-elsenz.de\/index.php?rest_route=\/wp\/v2\/pages"}],"about":[{"href":"https:\/\/www.sv-elsenz.de\/index.php?rest_route=\/wp\/v2\/types\/page"}],"author":[{"embeddable":true,"href":"https:\/\/www.sv-elsenz.de\/index.php?rest_route=\/wp\/v2\/users\/1"}],"replies":[{"embeddable":true,"href":"https:\/\/www.sv-elsenz.de\/index.php?rest_route=%2Fwp%2Fv2%2Fcomments&post=372"}],"version-history":[{"count":5,"href":"https:\/\/www.sv-elsenz.de\/index.php?rest_route=\/wp\/v2\/pages\/372\/revisions"}],"predecessor-version":[{"id":569,"href":"https:\/\/www.sv-elsenz.de\/index.php?rest_route=\/wp\/v2\/pages\/372\/revisions\/569"}],"wp:attachment":[{"href":"https:\/\/www.sv-elsenz.de\/index.php?rest_route=%2Fwp%2Fv2%2Fmedia&parent=372"}],"curies":[{"name":"wp","href":"https:\/\/api.w.org\/{rel}","templated":true}]}}