{"id":64,"date":"2014-06-17T15:52:01","date_gmt":"2014-06-17T13:52:01","guid":{"rendered":"http:\/\/www.sv-elsenz.de\/wp_38\/?page_id=64"},"modified":"2018-07-24T14:42:58","modified_gmt":"2018-07-24T12:42:58","slug":"vereinsheim","status":"publish","type":"page","link":"https:\/\/www.sv-elsenz.de\/?page_id=64","title":{"rendered":"Vereinsheim"},"content":{"rendered":"<p><strong>Unser Sch\u00fctzenhaus<\/strong><\/p>\n<p><strong>10m Luftdruckanlage:<\/strong><br \/>\ndie 10m Luftdruckanlage befindet sich komplett innerhalb des Sch\u00fctzenhauses und besteht aus 10 St\u00e4nden. Die Umstellung auf eine elektronische Schie\u00dfanlagen erfolgte im August 2007.<\/p>\n<p><strong>50m Kleinkaliberanlage:<\/strong><br \/>\nDie 50m Kleinkaliberschie\u00dfanlage besteht aus acht Schie\u00dfst\u00e4nden mit Flutlicht.<\/p>\n<p><strong>Die Gastst\u00e4tte<\/strong>:<br \/>\nDie Gastst\u00e4tte ist zu den Trainingszeiten ge\u00f6ffnet.<\/p>\n<p><strong>Mieten des Sch\u00fctzenheimes f\u00fcr Veranstaltungen und Familienfeiern<\/strong>:<br \/>\nDas Sch\u00fctzenheim kann f\u00fcr Veranstaltungen und Familienfeiern gemietet werden. Es bietet, je nach Bestuhlung, Platz f\u00fcr ca. 150 Personen.<\/p>\n<p><a href=\"http:\/\/www.sv-elsenz.de\/wp_38\/?attachment_id=52\" rel=\"attachment wp-att-52\"><img loading=\"lazy\" decoding=\"async\" title=\"Sch\u00fctzenhaus Elsenz\" src=\"http:\/\/www.sv-elsenz.de\/wp_38\/wp-content\/uploads\/2014\/05\/haus-300x225.jpg\" alt=\"\" width=\"300\" height=\"225\" \/><\/a><\/p>\n","protected":false},"excerpt":{"rendered":"<p>Unser Sch\u00fctzenhaus 10m Luftdruckanlage: die 10m Luftdruckanlage befindet sich komplett innerhalb des Sch\u00fctzenhauses und besteht aus 10 St\u00e4nden. Die Umstellung auf eine elektronische Schie\u00dfanlagen erfolgte im August 2007. 50m Kleinkaliberanlage: Die 50m Kleinkaliberschie\u00dfanlage besteht aus acht Schie\u00dfst\u00e4nden mit Flutlicht. Die Gastst\u00e4tte: Die Gastst\u00e4tte ist zu den Trainingszeiten ge\u00f6ffnet. Mieten des Sch\u00fctzenheimes f\u00fcr Veranstaltungen und Familienfeiern: [&hellip;]<\/p>\n","protected":false},"author":1,"featured_media":0,"parent":0,"menu_order":2,"comment_status":"closed","ping_status":"closed","template":"","meta":{"footnotes":""},"_links":{"self":[{"href":"https:\/\/www.sv-elsenz.de\/index.php?rest_route=\/wp\/v2\/pages\/64"}],"collection":[{"href":"https:\/\/www.sv-elsenz.de\/index.php?rest_route=\/wp\/v2\/pages"}],"about":[{"href":"https:\/\/www.sv-elsenz.de\/index.php?rest_route=\/wp\/v2\/types\/page"}],"author":[{"embeddable":true,"href":"https:\/\/www.sv-elsenz.de\/index.php?rest_route=\/wp\/v2\/users\/1"}],"replies":[{"embeddable":true,"href":"https:\/\/www.sv-elsenz.de\/index.php?rest_route=%2Fwp%2Fv2%2Fcomments&post=64"}],"version-history":[{"count":3,"href":"https:\/\/www.sv-elsenz.de\/index.php?rest_route=\/wp\/v2\/pages\/64\/revisions"}],"predecessor-version":[{"id":143,"href":"https:\/\/www.sv-elsenz.de\/index.php?rest_route=\/wp\/v2\/pages\/64\/revisions\/143"}],"wp:attachment":[{"href":"https:\/\/www.sv-elsenz.de\/index.php?rest_route=%2Fwp%2Fv2%2Fmedia&parent=64"}],"curies":[{"name":"wp","href":"https:\/\/api.w.org\/{rel}","templated":true}]}}