{"id":92,"date":"2016-06-01T12:52:41","date_gmt":"2016-06-01T10:52:41","guid":{"rendered":"http:\/\/www.sv-elsenz.de\/wp_38\/?page_id=92"},"modified":"2016-06-01T12:56:03","modified_gmt":"2016-06-01T10:56:03","slug":"allgemein","status":"publish","type":"page","link":"https:\/\/www.sv-elsenz.de\/?page_id=92","title":{"rendered":"Allgemein"},"content":{"rendered":"<p>Der Sch\u00fctzenverein Elsenz wurde 1923 gegr\u00fcndet. Die ersten Schie\u00df\u00fcbungen wurden auf dem Schie\u00dfstand in der Lehmgrube des Ziegeleigel\u00e4ndes in Elsenz abgehalten. Anfang der 1950 er Jahre wurde das erste Sch\u00fctzenhaus im Rottwald gebaut. 1974 \u2013 1976 entstand das heutige Sch\u00fctzenhaus an der Seewaldstra\u00dfe. Hier wurden acht elektrische Kleinkaliberst\u00e4nde und zehn 10m St\u00e4nde f\u00fcr Luftdruckdisziplinen eingerichtet. 2007 wurden die zehn Luftdruckschie\u00dfst\u00e4nde auf elektronische Trefferanzeige der Firma Meyton umger\u00fcstet. Somit stehen unseren Sch\u00fctzen moderne Schie\u00dfanlagen zur Aus\u00fcbung ihres Sports zur Verf\u00fcgung.<\/p>\n<p>Unser Verein beteiligt sich in jedem Jahr an den Meisterschaften und den Rundenwettk\u00e4mpfen des Sportsch\u00fctzenkreises Sinsheim und des Badischen Sportsch\u00fctzenverbandes. In den Luftdruckdisziplinen sind wir mit vier Gewehr- und einer Pistolenmannschaft am Start. F\u00fcr die Kleinkaliberwettk\u00e4mpfe haben wir drei Mannschaften gemeldet. Die Nachwuchssch\u00fctzen schie\u00dfen bei den AEV Wettk\u00e4mpfen mit. Hier sind wir mit einer Sch\u00fclermannschaft und einer Mannschaft in der Nachwuchsklasse am Start. Jeden Freitag ist ab 18.30 Uhr Training f\u00fcr unsere Nachwuchssch\u00fctzen und anschlie\u00dfend f\u00fcr alle anderen Sch\u00fctzen.<\/p>\n<p>Neben vereinsinterner Meisterschaften und Pokalwettbewerben f\u00fchren wir jedes Jahr das Wanderpokalschiessen der Ortsvereine durch.<\/p>\n","protected":false},"excerpt":{"rendered":"<p>Der Sch\u00fctzenverein Elsenz wurde 1923 gegr\u00fcndet. Die ersten Schie\u00df\u00fcbungen wurden auf dem Schie\u00dfstand in der Lehmgrube des Ziegeleigel\u00e4ndes in Elsenz abgehalten. Anfang der 1950 er Jahre wurde das erste Sch\u00fctzenhaus im Rottwald gebaut. 1974 \u2013 1976 entstand das heutige Sch\u00fctzenhaus an der Seewaldstra\u00dfe. Hier wurden acht elektrische Kleinkaliberst\u00e4nde und zehn 10m St\u00e4nde f\u00fcr Luftdruckdisziplinen eingerichtet. [&hellip;]<\/p>\n","protected":false},"author":1,"featured_media":0,"parent":0,"menu_order":0,"comment_status":"closed","ping_status":"closed","template":"","meta":{"footnotes":""},"_links":{"self":[{"href":"https:\/\/www.sv-elsenz.de\/index.php?rest_route=\/wp\/v2\/pages\/92"}],"collection":[{"href":"https:\/\/www.sv-elsenz.de\/index.php?rest_route=\/wp\/v2\/pages"}],"about":[{"href":"https:\/\/www.sv-elsenz.de\/index.php?rest_route=\/wp\/v2\/types\/page"}],"author":[{"embeddable":true,"href":"https:\/\/www.sv-elsenz.de\/index.php?rest_route=\/wp\/v2\/users\/1"}],"replies":[{"embeddable":true,"href":"https:\/\/www.sv-elsenz.de\/index.php?rest_route=%2Fwp%2Fv2%2Fcomments&post=92"}],"version-history":[{"count":1,"href":"https:\/\/www.sv-elsenz.de\/index.php?rest_route=\/wp\/v2\/pages\/92\/revisions"}],"predecessor-version":[{"id":93,"href":"https:\/\/www.sv-elsenz.de\/index.php?rest_route=\/wp\/v2\/pages\/92\/revisions\/93"}],"wp:attachment":[{"href":"https:\/\/www.sv-elsenz.de\/index.php?rest_route=%2Fwp%2Fv2%2Fmedia&parent=92"}],"curies":[{"name":"wp","href":"https:\/\/api.w.org\/{rel}","templated":true}]}}